{"id":55032,"date":"2025-10-23T15:14:34","date_gmt":"2025-10-23T07:14:34","guid":{"rendered":"https:\/\/ancor.biz\/?post_type=product&#038;p=55032"},"modified":"2025-10-24T10:31:32","modified_gmt":"2025-10-24T02:31:32","slug":"mitutoyo-513-479-10e-horizontal-dial-test-indicator","status":"publish","type":"product","link":"https:\/\/ancor.biz\/index.php\/product\/mitutoyo-513-479-10e-horizontal-dial-test-indicator\/","title":{"rendered":"Mitutoyo 513-479-10E Horizontal Dial Test Indicator"},"content":{"rendered":"<h1 class=\"product-name\">Mitutoyo 513-479-10E Horizontal Dial Test Indicator, Basic Standard Set, 0.03&#8243; Range<\/h1>\n<p>&nbsp;<\/p>\n<p>This horizontal dial test indicator features a white dial, a long ruby tip and a 0.0005&#8243; graduation.<\/p>\n<p><strong>Features<\/strong><\/p>\n<ul>\n<li>Using universal fonts, changing dial face color and reviewing the relationship between pointer and scale marks have drastically improved visibility<\/li>\n<li>Glare-free flat crystal face allows easy reading of graduations<\/li>\n<li>The O-ring seal on the bezel has the effect of providing smooth rotation and prevents dust and oil from penetrating through to the dial face<\/li>\n<li>Bonding the bezel and crystal together leaves no gap for cutting fluid or oil to penetrate through to the dial face<\/li>\n<li>A flange prevents the bezel from unintentional removal due to applying a force to the bezel during handling<\/li>\n<li>Horizontal type (the standard model): the dial is on top of the frame<\/li>\n<li>Hard, antifouling and non-glare coatings on the crystal inhibit scratches, contamination and glare on the surface<\/li>\n<li>The conventional method of mounting the stylus pivot bearing screw in the frame is prone to allowing looseness to develop with prolonged use. A unique sub-plate structure to house this screw has now been incorporated in all models and eliminates this issue<\/li>\n<li>The ability of the indicator to track small changes in displacement deteriorates due to minute changes in clearance between the gears with prolonged use<\/li>\n<li>As the length of the stylus fitted affects the indicator&#8217;s scale factor the length that gives a scale factor of unity is marked on the dial face to assist a customer when ordering the correct replacement stylus<\/li>\n<li>A \u00f88mm (\u00f80.315&#8243;) plain stem (21CAB104) for the Metric models or a \u00f89.52mm (\u00f83\/8&#8243;) plain stem (21CAB105) for the Inch models that attaches to any dovetail on the frame is supplied as a standard accessory<\/li>\n<li>Certificate attached<\/li>\n<\/ul>\n<h4>Specifications<\/h4>\n<table class=\"table table-striped\">\n<tbody>\n<tr>\n<td>Range<\/td>\n<td>0.03&#8243;<\/td>\n<\/tr>\n<tr>\n<td>Graduation<\/td>\n<td>0.0005&#8243;<\/td>\n<\/tr>\n<tr>\n<td>Dial Reading<\/td>\n<td>0-15-0<\/td>\n<\/tr>\n<tr>\n<td>One Rev.<\/td>\n<td>\u00b10.0005&#8243;<\/td>\n<\/tr>\n<tr>\n<td>Hysteresis<\/td>\n<td>0.0002&#8243;<\/td>\n<\/tr>\n<tr>\n<td>Repeatability<\/td>\n<td>0.0002&#8243;<\/td>\n<\/tr>\n<tr>\n<td>Mass<\/td>\n<td>45g<\/td>\n<\/tr>\n<tr>\n<td>Measuring Force<\/td>\n<td>0.2N or less<\/td>\n<\/tr>\n<tr>\n<td>Ruby Contact Point (Non-Magnet)<\/td>\n<td>Yes<\/td>\n<\/tr>\n<\/tbody>\n<\/table>\n","protected":false},"excerpt":{"rendered":"<p>Mitutoyo 513-479-10E Horizontal Dial Test Indicator, Basic Standard Set, 0.03&#8243; Range &nbsp; This horizontal dial test indicator features a white dial, a long ruby tip and a 0.0005&#8243; graduation. Features Using universal fonts, changing dial face color and reviewing the relationship between pointer and scale marks have drastically improved visibility Glare-free flat crystal face allows &#8230; <a title=\"Mitutoyo 513-479-10E Horizontal Dial Test Indicator\" class=\"read-more\" href=\"https:\/\/ancor.biz\/index.php\/product\/mitutoyo-513-479-10e-horizontal-dial-test-indicator\/\" aria-label=\"More on Mitutoyo 513-479-10E Horizontal Dial Test Indicator\">Read more<\/a><\/p>\n","protected":false},"featured_media":55033,"template":"","meta":{"_monsterinsights_skip_tracking":false,"_monsterinsights_sitenote_active":false,"_monsterinsights_sitenote_note":"","_monsterinsights_sitenote_category":0,"spay_email":""},"class_list":["post-55032","product","type-product","status-publish","has-post-thumbnail","hentry","product_cat-brand","product_cat-micrometer","product_cat-micrometer-mitutoyo","product_cat-mitutoyo","product_cat-mitutoyo-micrometer","sales-flash-overlay","woocommerce-text-align-center","woocommerce-image-align-center","do-quantity-buttons"],"yoast_head":"<!-- This site is optimized with the Yoast SEO plugin v23.3 - https:\/\/yoast.com\/wordpress\/plugins\/seo\/ -->\n<title>Mitutoyo 513-479-10E Horizontal Dial Test Indicator - Ancor Sdn Bhd<\/title>\n<meta name=\"description\" content=\"Mitutoyo 513-479-10E Horizontal Dial Test Indicator, Basic Standard Set, 0.03&quot; Range\" \/>\n<meta name=\"robots\" content=\"index, follow, max-snippet:-1, max-image-preview:large, max-video-preview:-1\" \/>\n<link rel=\"canonical\" href=\"https:\/\/ancor.biz\/index.php\/product\/mitutoyo-513-479-10e-horizontal-dial-test-indicator\/\" \/>\n<meta property=\"og:locale\" content=\"en_US\" \/>\n<meta property=\"og:type\" content=\"article\" \/>\n<meta property=\"og:title\" content=\"Mitutoyo 513-479-10E Horizontal Dial Test Indicator - Ancor Sdn Bhd\" \/>\n<meta property=\"og:description\" content=\"Mitutoyo 513-479-10E Horizontal Dial Test Indicator, Basic Standard Set, 0.03&quot; Range\" \/>\n<meta property=\"og:url\" content=\"https:\/\/ancor.biz\/index.php\/product\/mitutoyo-513-479-10e-horizontal-dial-test-indicator\/\" \/>\n<meta property=\"og:site_name\" content=\"Ancor Sdn Bhd\" \/>\n<meta property=\"article:modified_time\" content=\"2025-10-24T02:31:32+00:00\" \/>\n<meta property=\"og:image\" content=\"https:\/\/ancor.biz\/wp-content\/uploads\/2025\/10\/Mitutoyo-513-479-10E-Horizontal-Dial-Test-Indicator-Basic-Standard-Set-0.03inch-Range.jpg\" \/>\n\t<meta property=\"og:image:width\" content=\"270\" \/>\n\t<meta property=\"og:image:height\" content=\"310\" \/>\n\t<meta property=\"og:image:type\" content=\"image\/jpeg\" \/>\n<meta name=\"twitter:card\" content=\"summary_large_image\" \/>\n<meta name=\"twitter:label1\" content=\"Est. reading time\" \/>\n\t<meta name=\"twitter:data1\" content=\"2 minutes\" \/>\n<script type=\"application\/ld+json\" class=\"yoast-schema-graph\">{\"@context\":\"https:\/\/schema.org\",\"@graph\":[{\"@type\":\"WebPage\",\"@id\":\"https:\/\/ancor.biz\/index.php\/product\/mitutoyo-513-479-10e-horizontal-dial-test-indicator\/\",\"url\":\"https:\/\/ancor.biz\/index.php\/product\/mitutoyo-513-479-10e-horizontal-dial-test-indicator\/\",\"name\":\"Mitutoyo 513-479-10E Horizontal Dial Test Indicator - Ancor Sdn Bhd\",\"isPartOf\":{\"@id\":\"https:\/\/ancor.biz\/#website\"},\"primaryImageOfPage\":{\"@id\":\"https:\/\/ancor.biz\/index.php\/product\/mitutoyo-513-479-10e-horizontal-dial-test-indicator\/#primaryimage\"},\"image\":{\"@id\":\"https:\/\/ancor.biz\/index.php\/product\/mitutoyo-513-479-10e-horizontal-dial-test-indicator\/#primaryimage\"},\"thumbnailUrl\":\"https:\/\/ancor.biz\/wp-content\/uploads\/2025\/10\/Mitutoyo-513-479-10E-Horizontal-Dial-Test-Indicator-Basic-Standard-Set-0.03inch-Range.jpg\",\"datePublished\":\"2025-10-23T07:14:34+00:00\",\"dateModified\":\"2025-10-24T02:31:32+00:00\",\"description\":\"Mitutoyo 513-479-10E Horizontal Dial Test Indicator, Basic Standard Set, 0.03\\\" Range\",\"breadcrumb\":{\"@id\":\"https:\/\/ancor.biz\/index.php\/product\/mitutoyo-513-479-10e-horizontal-dial-test-indicator\/#breadcrumb\"},\"inLanguage\":\"en-US\",\"potentialAction\":[{\"@type\":\"ReadAction\",\"target\":[\"https:\/\/ancor.biz\/index.php\/product\/mitutoyo-513-479-10e-horizontal-dial-test-indicator\/\"]}]},{\"@type\":\"ImageObject\",\"inLanguage\":\"en-US\",\"@id\":\"https:\/\/ancor.biz\/index.php\/product\/mitutoyo-513-479-10e-horizontal-dial-test-indicator\/#primaryimage\",\"url\":\"https:\/\/ancor.biz\/wp-content\/uploads\/2025\/10\/Mitutoyo-513-479-10E-Horizontal-Dial-Test-Indicator-Basic-Standard-Set-0.03inch-Range.jpg\",\"contentUrl\":\"https:\/\/ancor.biz\/wp-content\/uploads\/2025\/10\/Mitutoyo-513-479-10E-Horizontal-Dial-Test-Indicator-Basic-Standard-Set-0.03inch-Range.jpg\",\"width\":270,\"height\":310},{\"@type\":\"BreadcrumbList\",\"@id\":\"https:\/\/ancor.biz\/index.php\/product\/mitutoyo-513-479-10e-horizontal-dial-test-indicator\/#breadcrumb\",\"itemListElement\":[{\"@type\":\"ListItem\",\"position\":1,\"name\":\"Home\",\"item\":\"https:\/\/ancor.biz\/\"},{\"@type\":\"ListItem\",\"position\":2,\"name\":\"Shop\",\"item\":\"https:\/\/ancor.biz\/index.php\/shop\/\"},{\"@type\":\"ListItem\",\"position\":3,\"name\":\"Mitutoyo 513-479-10E Horizontal Dial Test Indicator\"}]},{\"@type\":\"WebSite\",\"@id\":\"https:\/\/ancor.biz\/#website\",\"url\":\"https:\/\/ancor.biz\/\",\"name\":\"Ancor Sdn Bhd\",\"description\":\"\",\"publisher\":{\"@id\":\"https:\/\/ancor.biz\/#organization\"},\"potentialAction\":[{\"@type\":\"SearchAction\",\"target\":{\"@type\":\"EntryPoint\",\"urlTemplate\":\"https:\/\/ancor.biz\/?s={search_term_string}\"},\"query-input\":\"required name=search_term_string\"}],\"inLanguage\":\"en-US\"},{\"@type\":\"Organization\",\"@id\":\"https:\/\/ancor.biz\/#organization\",\"name\":\"Ancor Sdn Bhd\",\"url\":\"https:\/\/ancor.biz\/\",\"logo\":{\"@type\":\"ImageObject\",\"inLanguage\":\"en-US\",\"@id\":\"https:\/\/ancor.biz\/#\/schema\/logo\/image\/\",\"url\":\"https:\/\/ancor.biz\/wp-content\/uploads\/2021\/05\/ancor-logo.png\",\"contentUrl\":\"https:\/\/ancor.biz\/wp-content\/uploads\/2021\/05\/ancor-logo.png\",\"width\":600,\"height\":65,\"caption\":\"Ancor Sdn Bhd\"},\"image\":{\"@id\":\"https:\/\/ancor.biz\/#\/schema\/logo\/image\/\"}}]}<\/script>\n<!-- \/ Yoast SEO plugin. -->","yoast_head_json":{"title":"Mitutoyo 513-479-10E Horizontal Dial Test Indicator - Ancor Sdn Bhd","description":"Mitutoyo 513-479-10E Horizontal Dial Test Indicator, Basic Standard Set, 0.03\" Range","robots":{"index":"index","follow":"follow","max-snippet":"max-snippet:-1","max-image-preview":"max-image-preview:large","max-video-preview":"max-video-preview:-1"},"canonical":"https:\/\/ancor.biz\/index.php\/product\/mitutoyo-513-479-10e-horizontal-dial-test-indicator\/","og_locale":"en_US","og_type":"article","og_title":"Mitutoyo 513-479-10E Horizontal Dial Test Indicator - Ancor Sdn Bhd","og_description":"Mitutoyo 513-479-10E Horizontal Dial Test Indicator, Basic Standard Set, 0.03\" Range","og_url":"https:\/\/ancor.biz\/index.php\/product\/mitutoyo-513-479-10e-horizontal-dial-test-indicator\/","og_site_name":"Ancor Sdn Bhd","article_modified_time":"2025-10-24T02:31:32+00:00","og_image":[{"width":270,"height":310,"url":"https:\/\/ancor.biz\/wp-content\/uploads\/2025\/10\/Mitutoyo-513-479-10E-Horizontal-Dial-Test-Indicator-Basic-Standard-Set-0.03inch-Range.jpg","type":"image\/jpeg"}],"twitter_card":"summary_large_image","twitter_misc":{"Est. reading time":"2 minutes"},"schema":{"@context":"https:\/\/schema.org","@graph":[{"@type":"WebPage","@id":"https:\/\/ancor.biz\/index.php\/product\/mitutoyo-513-479-10e-horizontal-dial-test-indicator\/","url":"https:\/\/ancor.biz\/index.php\/product\/mitutoyo-513-479-10e-horizontal-dial-test-indicator\/","name":"Mitutoyo 513-479-10E Horizontal Dial Test Indicator - Ancor Sdn Bhd","isPartOf":{"@id":"https:\/\/ancor.biz\/#website"},"primaryImageOfPage":{"@id":"https:\/\/ancor.biz\/index.php\/product\/mitutoyo-513-479-10e-horizontal-dial-test-indicator\/#primaryimage"},"image":{"@id":"https:\/\/ancor.biz\/index.php\/product\/mitutoyo-513-479-10e-horizontal-dial-test-indicator\/#primaryimage"},"thumbnailUrl":"https:\/\/ancor.biz\/wp-content\/uploads\/2025\/10\/Mitutoyo-513-479-10E-Horizontal-Dial-Test-Indicator-Basic-Standard-Set-0.03inch-Range.jpg","datePublished":"2025-10-23T07:14:34+00:00","dateModified":"2025-10-24T02:31:32+00:00","description":"Mitutoyo 513-479-10E Horizontal Dial Test Indicator, Basic Standard Set, 0.03\" Range","breadcrumb":{"@id":"https:\/\/ancor.biz\/index.php\/product\/mitutoyo-513-479-10e-horizontal-dial-test-indicator\/#breadcrumb"},"inLanguage":"en-US","potentialAction":[{"@type":"ReadAction","target":["https:\/\/ancor.biz\/index.php\/product\/mitutoyo-513-479-10e-horizontal-dial-test-indicator\/"]}]},{"@type":"ImageObject","inLanguage":"en-US","@id":"https:\/\/ancor.biz\/index.php\/product\/mitutoyo-513-479-10e-horizontal-dial-test-indicator\/#primaryimage","url":"https:\/\/ancor.biz\/wp-content\/uploads\/2025\/10\/Mitutoyo-513-479-10E-Horizontal-Dial-Test-Indicator-Basic-Standard-Set-0.03inch-Range.jpg","contentUrl":"https:\/\/ancor.biz\/wp-content\/uploads\/2025\/10\/Mitutoyo-513-479-10E-Horizontal-Dial-Test-Indicator-Basic-Standard-Set-0.03inch-Range.jpg","width":270,"height":310},{"@type":"BreadcrumbList","@id":"https:\/\/ancor.biz\/index.php\/product\/mitutoyo-513-479-10e-horizontal-dial-test-indicator\/#breadcrumb","itemListElement":[{"@type":"ListItem","position":1,"name":"Home","item":"https:\/\/ancor.biz\/"},{"@type":"ListItem","position":2,"name":"Shop","item":"https:\/\/ancor.biz\/index.php\/shop\/"},{"@type":"ListItem","position":3,"name":"Mitutoyo 513-479-10E Horizontal Dial Test Indicator"}]},{"@type":"WebSite","@id":"https:\/\/ancor.biz\/#website","url":"https:\/\/ancor.biz\/","name":"Ancor Sdn Bhd","description":"","publisher":{"@id":"https:\/\/ancor.biz\/#organization"},"potentialAction":[{"@type":"SearchAction","target":{"@type":"EntryPoint","urlTemplate":"https:\/\/ancor.biz\/?s={search_term_string}"},"query-input":"required name=search_term_string"}],"inLanguage":"en-US"},{"@type":"Organization","@id":"https:\/\/ancor.biz\/#organization","name":"Ancor Sdn Bhd","url":"https:\/\/ancor.biz\/","logo":{"@type":"ImageObject","inLanguage":"en-US","@id":"https:\/\/ancor.biz\/#\/schema\/logo\/image\/","url":"https:\/\/ancor.biz\/wp-content\/uploads\/2021\/05\/ancor-logo.png","contentUrl":"https:\/\/ancor.biz\/wp-content\/uploads\/2021\/05\/ancor-logo.png","width":600,"height":65,"caption":"Ancor Sdn Bhd"},"image":{"@id":"https:\/\/ancor.biz\/#\/schema\/logo\/image\/"}}]}},"_links":{"self":[{"href":"https:\/\/ancor.biz\/index.php\/wp-json\/wp\/v2\/product\/55032","targetHints":{"allow":["GET"]}}],"collection":[{"href":"https:\/\/ancor.biz\/index.php\/wp-json\/wp\/v2\/product"}],"about":[{"href":"https:\/\/ancor.biz\/index.php\/wp-json\/wp\/v2\/types\/product"}],"version-history":[{"count":1,"href":"https:\/\/ancor.biz\/index.php\/wp-json\/wp\/v2\/product\/55032\/revisions"}],"predecessor-version":[{"id":55034,"href":"https:\/\/ancor.biz\/index.php\/wp-json\/wp\/v2\/product\/55032\/revisions\/55034"}],"wp:featuredmedia":[{"embeddable":true,"href":"https:\/\/ancor.biz\/index.php\/wp-json\/wp\/v2\/media\/55033"}],"wp:attachment":[{"href":"https:\/\/ancor.biz\/index.php\/wp-json\/wp\/v2\/media?parent=55032"}],"curies":[{"name":"wp","href":"https:\/\/api.w.org\/{rel}","templated":true}]}}